{"id":262,"date":"2020-07-17T08:48:29","date_gmt":"2020-07-17T06:48:29","guid":{"rendered":"http:\/\/wp.biuroprofit.waw.pl\/?page_id=262"},"modified":"2025-07-18T15:32:55","modified_gmt":"2025-07-18T13:32:55","slug":"zespol","status":"publish","type":"page","link":"https:\/\/biuroprofit.waw.pl\/en\/zespol\/","title":{"rendered":"Our team"},"content":{"rendered":"<div data-elementor-type=\"wp-page\" data-elementor-id=\"262\" class=\"elementor elementor-262\">\n\t\t\t\t\t\t<section class=\"elementor-section elementor-top-section elementor-element elementor-element-17fcdf1b elementor-section-boxed elementor-section-height-default elementor-section-height-default\" data-id=\"17fcdf1b\" data-element_type=\"section\" data-settings=\"{&quot;background_background&quot;:&quot;classic&quot;}\">\n\t\t\t\t\t\t\t<div class=\"elementor-background-overlay\"><\/div>\n\t\t\t\t\t\t\t<div class=\"elementor-container elementor-column-gap-default\">\n\t\t\t\t\t<div class=\"elementor-column elementor-col-50 elementor-top-column elementor-element elementor-element-6eb181f\" data-id=\"6eb181f\" data-element_type=\"column\">\n\t\t\t<div class=\"elementor-widget-wrap elementor-element-populated\">\n\t\t\t\t\t\t<div class=\"elementor-element elementor-element-686f3c49 elementor-widget elementor-widget-heading\" data-id=\"686f3c49\" data-element_type=\"widget\" data-widget_type=\"heading.default\">\n\t\t\t\t<div class=\"elementor-widget-container\">\n\t\t\t\t\t<h2 class=\"elementor-heading-title elementor-size-default translation-block\">We work for <b>Your PROFIT<\/b><\/h2>\t\t\t\t<\/div>\n\t\t\t\t<\/div>\n\t\t\t\t\t<\/div>\n\t\t<\/div>\n\t\t\t\t<div class=\"elementor-column elementor-col-50 elementor-top-column elementor-element elementor-element-7666dd49\" data-id=\"7666dd49\" data-element_type=\"column\">\n\t\t\t<div class=\"elementor-widget-wrap elementor-element-populated\">\n\t\t\t\t\t\t<div class=\"elementor-element elementor-element-500a5f4d elementor-widget elementor-widget-text-editor\" data-id=\"500a5f4d\" data-element_type=\"widget\" data-widget_type=\"text-editor.default\">\n\t\t\t\t<div class=\"elementor-widget-container\">\n\t\t\t\t\t\t\t\t\t<p class=\"translation-block\">Our team consists of people for whom accounting and finance are <b>not only work<\/b>, but above all <b>passion and awareness<\/b> of continuous <b>improvement of qualifications.<\/b><\/p><p class=\"translation-block\">Such features are a <b>guarantee of high competences, reliability<\/b> and the <b>highest level of services provided.<\/b><\/p><p class=\"translation-block\">For us, seemingly complicated and difficult financial situations are a <b>challenge to work hard and effectively.<\/b><\/p>\t\t\t\t\t\t\t\t<\/div>\n\t\t\t\t<\/div>\n\t\t\t\t\t<\/div>\n\t\t<\/div>\n\t\t\t\t\t<\/div>\n\t\t<\/section>\n\t\t\t\t<section class=\"elementor-section elementor-top-section elementor-element elementor-element-65ab34ab elementor-section-boxed elementor-section-height-default elementor-section-height-default\" data-id=\"65ab34ab\" data-element_type=\"section\" data-settings=\"{&quot;background_background&quot;:&quot;classic&quot;}\">\n\t\t\t\t\t\t\t<div class=\"elementor-background-overlay\"><\/div>\n\t\t\t\t\t\t\t<div class=\"elementor-container elementor-column-gap-default\">\n\t\t\t\t\t<div class=\"elementor-column elementor-col-100 elementor-top-column elementor-element elementor-element-5567c075\" data-id=\"5567c075\" data-element_type=\"column\">\n\t\t\t<div class=\"elementor-widget-wrap elementor-element-populated\">\n\t\t\t\t\t\t<section class=\"elementor-section elementor-inner-section elementor-element elementor-element-7399ea99 elementor-section-boxed elementor-section-height-default elementor-section-height-default\" data-id=\"7399ea99\" data-element_type=\"section\" data-settings=\"{&quot;background_background&quot;:&quot;classic&quot;}\">\n\t\t\t\t\t\t<div class=\"elementor-container elementor-column-gap-default\">\n\t\t\t\t\t<div class=\"elementor-column elementor-col-33 elementor-inner-column elementor-element elementor-element-4f71dde6\" data-id=\"4f71dde6\" data-element_type=\"column\">\n\t\t\t<div class=\"elementor-widget-wrap elementor-element-populated\">\n\t\t\t\t\t\t<div class=\"elementor-element elementor-element-1e61684f elementor-widget elementor-widget-image\" data-id=\"1e61684f\" data-element_type=\"widget\" data-widget_type=\"image.default\">\n\t\t\t\t<div class=\"elementor-widget-container\">\n\t\t\t\t\t\t\t\t\t\t\t\t\t\t\t<img fetchpriority=\"high\" decoding=\"async\" width=\"1365\" height=\"2048\" src=\"https:\/\/biuroprofit.waw.pl\/wp-content\/uploads\/2024\/08\/IMG_2513-1-1365x2048.jpeg\" class=\"attachment-2048x2048 size-2048x2048 wp-image-896\" alt=\"\" srcset=\"https:\/\/biuroprofit.waw.pl\/wp-content\/uploads\/2024\/08\/IMG_2513-1-1365x2048.jpeg 1365w, https:\/\/biuroprofit.waw.pl\/wp-content\/uploads\/2024\/08\/IMG_2513-1-200x300.jpeg 200w, https:\/\/biuroprofit.waw.pl\/wp-content\/uploads\/2024\/08\/IMG_2513-1-683x1024.jpeg 683w, https:\/\/biuroprofit.waw.pl\/wp-content\/uploads\/2024\/08\/IMG_2513-1-768x1152.jpeg 768w, https:\/\/biuroprofit.waw.pl\/wp-content\/uploads\/2024\/08\/IMG_2513-1-1024x1536.jpeg 1024w, https:\/\/biuroprofit.waw.pl\/wp-content\/uploads\/2024\/08\/IMG_2513-1-8x12.jpeg 8w, https:\/\/biuroprofit.waw.pl\/wp-content\/uploads\/2024\/08\/IMG_2513-1-scaled.jpeg 1707w\" sizes=\"(max-width: 1365px) 100vw, 1365px\" \/>\t\t\t\t\t\t\t\t\t\t\t\t\t\t\t<\/div>\n\t\t\t\t<\/div>\n\t\t\t\t\t<\/div>\n\t\t<\/div>\n\t\t\t\t<div class=\"elementor-column elementor-col-33 elementor-inner-column elementor-element elementor-element-72e56a68\" data-id=\"72e56a68\" data-element_type=\"column\">\n\t\t\t<div class=\"elementor-widget-wrap elementor-element-populated\">\n\t\t\t\t\t\t<div class=\"elementor-element elementor-element-de011bf elementor-widget elementor-widget-heading\" data-id=\"de011bf\" data-element_type=\"widget\" data-widget_type=\"heading.default\">\n\t\t\t\t<div class=\"elementor-widget-container\">\n\t\t\t\t\t<h2 class=\"elementor-heading-title elementor-size-default\">Beata Karolak<\/h2>\t\t\t\t<\/div>\n\t\t\t\t<\/div>\n\t\t\t\t<div class=\"elementor-element elementor-element-18e925f1 elementor-widget elementor-widget-heading\" data-id=\"18e925f1\" data-element_type=\"widget\" data-widget_type=\"heading.default\">\n\t\t\t\t<div class=\"elementor-widget-container\">\n\t\t\t\t\t<h2 class=\"elementor-heading-title elementor-size-default\">CEO<\/h2>\t\t\t\t<\/div>\n\t\t\t\t<\/div>\n\t\t\t\t<div class=\"elementor-element elementor-element-91b2b7e elementor-widget elementor-widget-text-editor\" data-id=\"91b2b7e\" data-element_type=\"widget\" data-widget_type=\"text-editor.default\">\n\t\t\t\t<div class=\"elementor-widget-container\">\n\t\t\t\t\t\t\t\t\t<p>W\u0142a\u015bciciel biura. Magister ekonomii na UMCS wydzia\u0142u organizacji i zarz\u0105dzania.<\/p>\n<p>Uko\u0144czone studia podyplomowe na kierunku finanse i rachunkowo\u015b\u0107 przedsi\u0119biorstw.<\/p>\n<p>&nbsp;Licencja Ministerstwa Finans\u00f3w nr 6657\/2004.<\/p>\t\t\t\t\t\t\t\t<\/div>\n\t\t\t\t<\/div>\n\t\t\t\t\t<\/div>\n\t\t<\/div>\n\t\t\t\t<div class=\"elementor-column elementor-col-33 elementor-inner-column elementor-element elementor-element-6c272782 elementor-hidden-tablet\" data-id=\"6c272782\" data-element_type=\"column\">\n\t\t\t<div class=\"elementor-widget-wrap\">\n\t\t\t\t\t\t\t<\/div>\n\t\t<\/div>\n\t\t\t\t\t<\/div>\n\t\t<\/section>\n\t\t\t\t<section class=\"elementor-section elementor-inner-section elementor-element elementor-element-a5e3ac7 elementor-section-boxed elementor-section-height-default elementor-section-height-default\" data-id=\"a5e3ac7\" data-element_type=\"section\" data-settings=\"{&quot;background_background&quot;:&quot;classic&quot;}\">\n\t\t\t\t\t\t<div class=\"elementor-container elementor-column-gap-default\">\n\t\t\t\t\t<div class=\"elementor-column elementor-col-50 elementor-inner-column elementor-element elementor-element-633ea198\" data-id=\"633ea198\" data-element_type=\"column\">\n\t\t\t<div class=\"elementor-widget-wrap elementor-element-populated\">\n\t\t\t\t\t\t<div class=\"elementor-element elementor-element-75b73618 elementor-widget elementor-widget-image\" data-id=\"75b73618\" data-element_type=\"widget\" data-widget_type=\"image.default\">\n\t\t\t\t<div class=\"elementor-widget-container\">\n\t\t\t\t\t\t\t\t\t\t\t\t\t\t\t<img decoding=\"async\" width=\"851\" height=\"1280\" data-src=\"https:\/\/biuroprofit.waw.pl\/wp-content\/uploads\/2024\/11\/image-28.jpg\" class=\"attachment-2048x2048 size-2048x2048 wp-image-1279 lazyload\" alt=\"\" data-srcset=\"https:\/\/biuroprofit.waw.pl\/wp-content\/uploads\/2024\/11\/image-28.jpg 851w, https:\/\/biuroprofit.waw.pl\/wp-content\/uploads\/2024\/11\/image-28-199x300.jpg 199w, https:\/\/biuroprofit.waw.pl\/wp-content\/uploads\/2024\/11\/image-28-681x1024.jpg 681w, https:\/\/biuroprofit.waw.pl\/wp-content\/uploads\/2024\/11\/image-28-768x1155.jpg 768w, https:\/\/biuroprofit.waw.pl\/wp-content\/uploads\/2024\/11\/image-28-8x12.jpg 8w\" data-sizes=\"(max-width: 851px) 100vw, 851px\" src=\"data:image\/svg+xml;base64,PHN2ZyB3aWR0aD0iMSIgaGVpZ2h0PSIxIiB4bWxucz0iaHR0cDovL3d3dy53My5vcmcvMjAwMC9zdmciPjwvc3ZnPg==\" style=\"--smush-placeholder-width: 851px; --smush-placeholder-aspect-ratio: 851\/1280;\" \/>\t\t\t\t\t\t\t\t\t\t\t\t\t\t\t<\/div>\n\t\t\t\t<\/div>\n\t\t\t\t<div class=\"elementor-element elementor-element-140dac3f elementor-widget elementor-widget-heading\" data-id=\"140dac3f\" data-element_type=\"widget\" data-widget_type=\"heading.default\">\n\t\t\t\t<div class=\"elementor-widget-container\">\n\t\t\t\t\t<h2 class=\"elementor-heading-title elementor-size-default\">Monika S\u0142upek<\/h2>\t\t\t\t<\/div>\n\t\t\t\t<\/div>\n\t\t\t\t<div class=\"elementor-element elementor-element-169894ba elementor-widget elementor-widget-heading\" data-id=\"169894ba\" data-element_type=\"widget\" data-widget_type=\"heading.default\">\n\t\t\t\t<div class=\"elementor-widget-container\">\n\t\t\t\t\t<h2 class=\"elementor-heading-title elementor-size-default\"><span style=\"font-weight: 400\">G\u0142\u00f3wna Ksi\u0119gowa, Dyrektor Operacyjny<\/span><\/h2>\t\t\t\t<\/div>\n\t\t\t\t<\/div>\n\t\t\t\t<div class=\"elementor-element elementor-element-3e4b151f elementor-widget elementor-widget-heading\" data-id=\"3e4b151f\" data-element_type=\"widget\" data-widget_type=\"heading.default\">\n\t\t\t\t<div class=\"elementor-widget-container\">\n\t\t\t\t\t<h2 class=\"elementor-heading-title elementor-size-default\"><b>monika.slupek@biuroprofit.waw.pl<\/b><\/h2>\t\t\t\t<\/div>\n\t\t\t\t<\/div>\n\t\t\t\t<div class=\"elementor-element elementor-element-7c1c9cc4 elementor-widget elementor-widget-text-editor\" data-id=\"7c1c9cc4\" data-element_type=\"widget\" data-widget_type=\"text-editor.default\">\n\t\t\t\t<div class=\"elementor-widget-container\">\n\t\t\t\t\t\t\t\t\t<p><span style=\"color: var( --e-global-color-secondary ); font-weight: var( --e-global-typography-text-font-weight );\">Absolwentka Wy\u017cszej Szko\u0142y Finans\u00f3w i Zarz\u0105dzania w Warszawie z tytu\u0142em magistra finans\u00f3w i rachunkowo\u015bci, uczestniczka wielu kurs\u00f3w bran\u017cowych.<\/span><\/p><p><span style=\"color: var( --e-global-color-secondary ); font-weight: var( --e-global-typography-text-font-weight );\">Swoj\u0105 karier\u0119 w ksi\u0119gowo\u015bci rozpocz\u0119\u0142a w 1992 roku.<\/span><\/p><p>W Biurze Rachunkowym Profit pracuje od 2013 roku.<\/p><p>W 2018 roku obj\u0119\u0142a stanowisko g\u0142\u00f3wnej ksi\u0119gowej oraz funkcj\u0119 dyrektora operacyjnego.<\/p>\t\t\t\t\t\t\t\t<\/div>\n\t\t\t\t<\/div>\n\t\t\t\t\t<\/div>\n\t\t<\/div>\n\t\t\t\t<div class=\"elementor-column elementor-col-50 elementor-inner-column elementor-element elementor-element-5de0118d\" data-id=\"5de0118d\" data-element_type=\"column\">\n\t\t\t<div class=\"elementor-widget-wrap elementor-element-populated\">\n\t\t\t\t\t\t<div class=\"elementor-element elementor-element-7f4c559f elementor-widget elementor-widget-heading\" data-id=\"7f4c559f\" data-element_type=\"widget\" data-widget_type=\"heading.default\">\n\t\t\t\t<div class=\"elementor-widget-container\">\n\t\t\t\t\t<h2 class=\"elementor-heading-title elementor-size-default\">Samodzielna Ksi\u0119gowa,<\/h2>\t\t\t\t<\/div>\n\t\t\t\t<\/div>\n\t\t\t\t\t<\/div>\n\t\t<\/div>\n\t\t\t\t\t<\/div>\n\t\t<\/section>\n\t\t\t\t<section class=\"elementor-section elementor-inner-section elementor-element elementor-element-5eef953d elementor-section-boxed elementor-section-height-default elementor-section-height-default\" data-id=\"5eef953d\" data-element_type=\"section\" data-settings=\"{&quot;background_background&quot;:&quot;classic&quot;}\">\n\t\t\t\t\t\t<div class=\"elementor-container elementor-column-gap-default\">\n\t\t\t\t\t<div class=\"elementor-column elementor-col-50 elementor-inner-column elementor-element elementor-element-742a8eb2\" data-id=\"742a8eb2\" data-element_type=\"column\">\n\t\t\t<div class=\"elementor-widget-wrap elementor-element-populated\">\n\t\t\t\t\t\t<div class=\"elementor-element elementor-element-c5bd951 elementor-widget elementor-widget-image\" data-id=\"c5bd951\" data-element_type=\"widget\" data-widget_type=\"image.default\">\n\t\t\t\t<div class=\"elementor-widget-container\">\n\t\t\t\t\t\t\t\t\t\t\t\t\t\t\t<img decoding=\"async\" width=\"850\" height=\"1280\" data-src=\"https:\/\/biuroprofit.waw.pl\/wp-content\/uploads\/2024\/11\/image-26.jpg\" class=\"attachment-2048x2048 size-2048x2048 wp-image-1277 lazyload\" alt=\"\" data-srcset=\"https:\/\/biuroprofit.waw.pl\/wp-content\/uploads\/2024\/11\/image-26.jpg 850w, https:\/\/biuroprofit.waw.pl\/wp-content\/uploads\/2024\/11\/image-26-199x300.jpg 199w, https:\/\/biuroprofit.waw.pl\/wp-content\/uploads\/2024\/11\/image-26-680x1024.jpg 680w, https:\/\/biuroprofit.waw.pl\/wp-content\/uploads\/2024\/11\/image-26-768x1157.jpg 768w, https:\/\/biuroprofit.waw.pl\/wp-content\/uploads\/2024\/11\/image-26-8x12.jpg 8w\" data-sizes=\"(max-width: 850px) 100vw, 850px\" src=\"data:image\/svg+xml;base64,PHN2ZyB3aWR0aD0iMSIgaGVpZ2h0PSIxIiB4bWxucz0iaHR0cDovL3d3dy53My5vcmcvMjAwMC9zdmciPjwvc3ZnPg==\" style=\"--smush-placeholder-width: 850px; --smush-placeholder-aspect-ratio: 850\/1280;\" \/>\t\t\t\t\t\t\t\t\t\t\t\t\t\t\t<\/div>\n\t\t\t\t<\/div>\n\t\t\t\t<div class=\"elementor-element elementor-element-3a2b341d elementor-widget elementor-widget-heading\" data-id=\"3a2b341d\" data-element_type=\"widget\" data-widget_type=\"heading.default\">\n\t\t\t\t<div class=\"elementor-widget-container\">\n\t\t\t\t\t<h2 class=\"elementor-heading-title elementor-size-default\">Sylwia Pleskot<\/h2>\t\t\t\t<\/div>\n\t\t\t\t<\/div>\n\t\t\t\t<div class=\"elementor-element elementor-element-3436e191 elementor-widget elementor-widget-heading\" data-id=\"3436e191\" data-element_type=\"widget\" data-widget_type=\"heading.default\">\n\t\t\t\t<div class=\"elementor-widget-container\">\n\t\t\t\t\t<h2 class=\"elementor-heading-title elementor-size-default\"><span style=\"font-weight: normal\">Samodzielna <\/span><span style=\"font-weight: normal\">Ksi\u0119gowa<\/span><\/h2>\t\t\t\t<\/div>\n\t\t\t\t<\/div>\n\t\t\t\t<div class=\"elementor-element elementor-element-3e4c2f0c elementor-widget elementor-widget-heading\" data-id=\"3e4c2f0c\" data-element_type=\"widget\" data-widget_type=\"heading.default\">\n\t\t\t\t<div class=\"elementor-widget-container\">\n\t\t\t\t\t<h2 class=\"elementor-heading-title elementor-size-default\"><b>sylwia.pleskot@<\/b><b>biuroprofit.waw.pl<\/b><\/h2>\t\t\t\t<\/div>\n\t\t\t\t<\/div>\n\t\t\t\t<div class=\"elementor-element elementor-element-1afaf87c elementor-widget elementor-widget-text-editor\" data-id=\"1afaf87c\" data-element_type=\"widget\" data-widget_type=\"text-editor.default\">\n\t\t\t\t<div class=\"elementor-widget-container\">\n\t\t\t\t\t\t\t\t\t<p>Magister finans\u00f3w i rachunkowo\u015bci, absolwentka Uniwersytetu Warszawskiego.\u00a0<\/p><p>W biurze rachunkowym Profit pracuj\u0119 od 2019 roku.<\/p><p>Zajmuje si\u0119 kompleksow\u0105 obs\u0142ug\u0105 podmiot\u00f3w gospodarczych prowadz\u0105cych KPiR, ewidencj\u0105 rycza\u0142tow\u0105 oraz ksi\u0119gami handlowymi<\/p><p>Nieustannie poszerza swoj\u0105 wiedz\u0119.<\/p>\t\t\t\t\t\t\t\t<\/div>\n\t\t\t\t<\/div>\n\t\t\t\t\t<\/div>\n\t\t<\/div>\n\t\t\t\t<div class=\"elementor-column elementor-col-50 elementor-inner-column elementor-element elementor-element-55fb6256\" data-id=\"55fb6256\" data-element_type=\"column\">\n\t\t\t<div class=\"elementor-widget-wrap elementor-element-populated\">\n\t\t\t\t\t\t<div class=\"elementor-element elementor-element-1554ec25 elementor-widget elementor-widget-image\" data-id=\"1554ec25\" data-element_type=\"widget\" data-widget_type=\"image.default\">\n\t\t\t\t<div class=\"elementor-widget-container\">\n\t\t\t\t\t\t\t\t\t\t\t\t\t\t\t<img decoding=\"async\" width=\"850\" height=\"1280\" data-src=\"https:\/\/biuroprofit.waw.pl\/wp-content\/uploads\/2024\/11\/image-25.jpg\" class=\"attachment-2048x2048 size-2048x2048 wp-image-1276 lazyload\" alt=\"\" data-srcset=\"https:\/\/biuroprofit.waw.pl\/wp-content\/uploads\/2024\/11\/image-25.jpg 850w, https:\/\/biuroprofit.waw.pl\/wp-content\/uploads\/2024\/11\/image-25-199x300.jpg 199w, https:\/\/biuroprofit.waw.pl\/wp-content\/uploads\/2024\/11\/image-25-680x1024.jpg 680w, https:\/\/biuroprofit.waw.pl\/wp-content\/uploads\/2024\/11\/image-25-768x1157.jpg 768w, https:\/\/biuroprofit.waw.pl\/wp-content\/uploads\/2024\/11\/image-25-8x12.jpg 8w\" data-sizes=\"(max-width: 850px) 100vw, 850px\" src=\"data:image\/svg+xml;base64,PHN2ZyB3aWR0aD0iMSIgaGVpZ2h0PSIxIiB4bWxucz0iaHR0cDovL3d3dy53My5vcmcvMjAwMC9zdmciPjwvc3ZnPg==\" style=\"--smush-placeholder-width: 850px; --smush-placeholder-aspect-ratio: 850\/1280;\" \/>\t\t\t\t\t\t\t\t\t\t\t\t\t\t\t<\/div>\n\t\t\t\t<\/div>\n\t\t\t\t<div class=\"elementor-element elementor-element-3bd349ee elementor-widget elementor-widget-heading\" data-id=\"3bd349ee\" data-element_type=\"widget\" data-widget_type=\"heading.default\">\n\t\t\t\t<div class=\"elementor-widget-container\">\n\t\t\t\t\t<h2 class=\"elementor-heading-title elementor-size-default\">Magdalena Orze\u0142owska<\/h2>\t\t\t\t<\/div>\n\t\t\t\t<\/div>\n\t\t\t\t<div class=\"elementor-element elementor-element-48c88d42 elementor-widget elementor-widget-heading\" data-id=\"48c88d42\" data-element_type=\"widget\" data-widget_type=\"heading.default\">\n\t\t\t\t<div class=\"elementor-widget-container\">\n\t\t\t\t\t<h2 class=\"elementor-heading-title elementor-size-default\"><span style=\"font-weight: 400\">Ksi\u0119gowa, specjalista ds. kadr i p\u0142ac<\/span><\/h2>\t\t\t\t<\/div>\n\t\t\t\t<\/div>\n\t\t\t\t<div class=\"elementor-element elementor-element-1bc11181 elementor-widget elementor-widget-heading\" data-id=\"1bc11181\" data-element_type=\"widget\" data-widget_type=\"heading.default\">\n\t\t\t\t<div class=\"elementor-widget-container\">\n\t\t\t\t\t<h2 class=\"elementor-heading-title elementor-size-default\"><b>magdalena.orze\u0142owska@<\/b><b>biuroprofit.waw.pl<\/b><\/h2>\t\t\t\t<\/div>\n\t\t\t\t<\/div>\n\t\t\t\t<div class=\"elementor-element elementor-element-751babe8 elementor-widget elementor-widget-text-editor\" data-id=\"751babe8\" data-element_type=\"widget\" data-widget_type=\"text-editor.default\">\n\t\t\t\t<div class=\"elementor-widget-container\">\n\t\t\t\t\t\t\t\t\t<p><span style=\"color: var( --e-global-color-secondary ); font-weight: var( --e-global-typography-text-font-weight );\">W zawodzie pracuje od 1996 roku. Do zespo\u0142u biura rachunkowego Profit do\u0142\u0105czy\u0142a w 2020 roku.<\/span><\/p><p>Zajmuje si\u0119 obs\u0142ug\u0105 przedsi\u0119biorc\u00f3w w obszarze ksi\u0119gowym i kadrowo-p\u0142acowym. Specjalizuj\u0119 si\u0119 dziedzinie kadr i p\u0142ac.<\/p><p>Na bie\u017c\u0105co aktualizuje swoj\u0105 wiedz\u0119, aby jej praca by\u0142a jak najbardziej efektywna.<\/p>\t\t\t\t\t\t\t\t<\/div>\n\t\t\t\t<\/div>\n\t\t\t\t\t<\/div>\n\t\t<\/div>\n\t\t\t\t\t<\/div>\n\t\t<\/section>\n\t\t\t\t\t<\/div>\n\t\t<\/div>\n\t\t\t\t\t<\/div>\n\t\t<\/section>\n\t\t\t\t<section class=\"elementor-section elementor-top-section elementor-element elementor-element-4fa6123d elementor-reverse-mobile elementor-reverse-tablet elementor-section-boxed elementor-section-height-default elementor-section-height-default\" data-id=\"4fa6123d\" data-element_type=\"section\" data-settings=\"{&quot;background_background&quot;:&quot;classic&quot;}\">\n\t\t\t\t\t\t<div class=\"elementor-container elementor-column-gap-default\">\n\t\t\t\t\t<div class=\"elementor-column elementor-col-50 elementor-top-column elementor-element elementor-element-2e39e4a0\" data-id=\"2e39e4a0\" data-element_type=\"column\">\n\t\t\t<div class=\"elementor-widget-wrap elementor-element-populated\">\n\t\t\t\t\t\t<div class=\"elementor-element elementor-element-6d3f5e74 elementor-widget elementor-widget-heading\" data-id=\"6d3f5e74\" data-element_type=\"widget\" data-settings=\"{&quot;_animation_mobile&quot;:&quot;fadeIn&quot;,&quot;_animation&quot;:&quot;none&quot;}\" data-widget_type=\"heading.default\">\n\t\t\t\t<div class=\"elementor-widget-container\">\n\t\t\t\t\t<h2 class=\"elementor-heading-title elementor-size-default translation-block\">Visit us and meet the team that works <b>for You<\/b><\/h2>\t\t\t\t<\/div>\n\t\t\t\t<\/div>\n\t\t\t\t<div class=\"elementor-element elementor-element-628875e3 elementor-align-right elementor-mobile-align-left elementor-widget elementor-widget-button\" data-id=\"628875e3\" data-element_type=\"widget\" data-widget_type=\"button.default\">\n\t\t\t\t<div class=\"elementor-widget-container\">\n\t\t\t\t\t\t\t\t\t<div class=\"elementor-button-wrapper\">\n\t\t\t\t\t<a class=\"elementor-button elementor-button-link elementor-size-sm elementor-animation-grow\" href=\"https:\/\/biuroprofit.waw.pl\/en\/kontakt\/\">\n\t\t\t\t\t\t<span class=\"elementor-button-content-wrapper\">\n\t\t\t\t\t\t\t\t\t<span class=\"elementor-button-text\">Contact us<\/span>\n\t\t\t\t\t<\/span>\n\t\t\t\t\t<\/a>\n\t\t\t\t<\/div>\n\t\t\t\t\t\t\t\t<\/div>\n\t\t\t\t<\/div>\n\t\t\t\t\t<\/div>\n\t\t<\/div>\n\t\t\t\t<div class=\"elementor-column elementor-col-50 elementor-top-column elementor-element elementor-element-38f41e78\" data-id=\"38f41e78\" data-element_type=\"column\">\n\t\t\t<div class=\"elementor-widget-wrap elementor-element-populated\">\n\t\t\t\t\t\t<div class=\"elementor-element elementor-element-67e62c65 elementor-widget elementor-widget-image\" data-id=\"67e62c65\" data-element_type=\"widget\" data-widget_type=\"image.default\">\n\t\t\t\t<div class=\"elementor-widget-container\">\n\t\t\t\t\t\t\t\t\t\t\t\t\t\t\t<img decoding=\"async\" width=\"700\" height=\"347\" data-src=\"https:\/\/biuroprofit.waw.pl\/wp-content\/uploads\/2020\/07\/rsz_dsc05310.png\" class=\"attachment-large size-large wp-image-429 lazyload\" alt=\"biuro rachunkowe PROFIT\" data-srcset=\"https:\/\/biuroprofit.waw.pl\/wp-content\/uploads\/2020\/07\/rsz_dsc05310.png 700w, https:\/\/biuroprofit.waw.pl\/wp-content\/uploads\/2020\/07\/rsz_dsc05310-300x149.png 300w\" data-sizes=\"(max-width: 700px) 100vw, 700px\" src=\"data:image\/svg+xml;base64,PHN2ZyB3aWR0aD0iMSIgaGVpZ2h0PSIxIiB4bWxucz0iaHR0cDovL3d3dy53My5vcmcvMjAwMC9zdmciPjwvc3ZnPg==\" style=\"--smush-placeholder-width: 700px; --smush-placeholder-aspect-ratio: 700\/347;\" \/>\t\t\t\t\t\t\t\t\t\t\t\t\t\t\t<\/div>\n\t\t\t\t<\/div>\n\t\t\t\t\t<\/div>\n\t\t<\/div>\n\t\t\t\t\t<\/div>\n\t\t<\/section>\n\t\t\t\t<\/div>","protected":false},"excerpt":{"rendered":"<p>To my pracujemy na Tw\u00f3j PROFIT Nasz zesp\u00f3\u0142 tworz\u0105 ludzie dla kt\u00f3rych rachunkowo\u015b\u0107 i finanse to nie tylko praca, to przede wszystkim pasja i \u015bwiadomo\u015b\u0107 ci\u0105g\u0142ego podnoszenia kwalifikacji. Takie cechy to gwarancja wysokich kompetencji, niezawodno\u015bci oraz najwy\u017cszego poziomu \u015bwiadczonych us\u0142ug. Dla nas pozornie zawik\u0142ane i trudne sytuacje finansowe to wyzwanie do ci\u0119\u017ckiej i efektywnej pracy. [&hellip;]<\/p>","protected":false},"author":1,"featured_media":904,"parent":0,"menu_order":0,"comment_status":"closed","ping_status":"closed","template":"elementor_header_footer","meta":{"footnotes":""},"class_list":["post-262","page","type-page","status-publish","has-post-thumbnail","hentry"],"_links":{"self":[{"href":"https:\/\/biuroprofit.waw.pl\/en\/wp-json\/wp\/v2\/pages\/262","targetHints":{"allow":["GET"]}}],"collection":[{"href":"https:\/\/biuroprofit.waw.pl\/en\/wp-json\/wp\/v2\/pages"}],"about":[{"href":"https:\/\/biuroprofit.waw.pl\/en\/wp-json\/wp\/v2\/types\/page"}],"author":[{"embeddable":true,"href":"https:\/\/biuroprofit.waw.pl\/en\/wp-json\/wp\/v2\/users\/1"}],"replies":[{"embeddable":true,"href":"https:\/\/biuroprofit.waw.pl\/en\/wp-json\/wp\/v2\/comments?post=262"}],"version-history":[{"count":232,"href":"https:\/\/biuroprofit.waw.pl\/en\/wp-json\/wp\/v2\/pages\/262\/revisions"}],"predecessor-version":[{"id":1767,"href":"https:\/\/biuroprofit.waw.pl\/en\/wp-json\/wp\/v2\/pages\/262\/revisions\/1767"}],"wp:featuredmedia":[{"embeddable":true,"href":"https:\/\/biuroprofit.waw.pl\/en\/wp-json\/wp\/v2\/media\/904"}],"wp:attachment":[{"href":"https:\/\/biuroprofit.waw.pl\/en\/wp-json\/wp\/v2\/media?parent=262"}],"curies":[{"name":"wp","href":"https:\/\/api.w.org\/{rel}","templated":true}]}}