{"id":297,"date":"2020-07-17T11:53:26","date_gmt":"2020-07-17T09:53:26","guid":{"rendered":"http:\/\/wp.biuroprofit.waw.pl\/?page_id=297"},"modified":"2025-01-24T14:05:58","modified_gmt":"2025-01-24T13:05:58","slug":"uslugi","status":"publish","type":"page","link":"https:\/\/biuroprofit.waw.pl\/en\/uslugi\/","title":{"rendered":"Services"},"content":{"rendered":"<div data-elementor-type=\"wp-page\" data-elementor-id=\"297\" class=\"elementor elementor-297\">\n\t\t\t\t\t\t<section class=\"elementor-section elementor-top-section elementor-element elementor-element-1ac0f1c4 elementor-section-content-middle elementor-reverse-mobile elementor-section-boxed elementor-section-height-default elementor-section-height-default\" data-id=\"1ac0f1c4\" data-element_type=\"section\" data-settings=\"{&quot;background_background&quot;:&quot;classic&quot;}\">\n\t\t\t\t\t\t\t<div class=\"elementor-background-overlay\"><\/div>\n\t\t\t\t\t\t\t<div class=\"elementor-container elementor-column-gap-default\">\n\t\t\t\t\t<div class=\"elementor-column elementor-col-50 elementor-top-column elementor-element elementor-element-1d9e553c\" data-id=\"1d9e553c\" data-element_type=\"column\" data-settings=\"{&quot;background_background&quot;:&quot;classic&quot;}\">\n\t\t\t<div class=\"elementor-widget-wrap elementor-element-populated\">\n\t\t\t\t\t\t<div class=\"elementor-element elementor-element-539f6327 elementor-widget elementor-widget-heading\" data-id=\"539f6327\" data-element_type=\"widget\" data-widget_type=\"heading.default\">\n\t\t\t\t<div class=\"elementor-widget-container\">\n\t\t\t\t\t<h3 class=\"elementor-heading-title elementor-size-large\"><b>Scope of accountancy services<\/b><\/h3>\t\t\t\t<\/div>\n\t\t\t\t<\/div>\n\t\t\t\t<div class=\"elementor-element elementor-element-41cbdd52 elementor-widget elementor-widget-text-editor\" data-id=\"41cbdd52\" data-element_type=\"widget\" data-widget_type=\"text-editor.default\">\n\t\t\t\t<div class=\"elementor-widget-container\">\n\t\t\t\t\t\t\t\t\t<p><b>Bookkeeping<\/b><\/p><ul><li>self-employed persons and sole traders<\/li><li>civil law companies<\/li><li>limited partnerships<\/li><li>limited liability companies<\/li><li>joint-stock companies<\/li><\/ul><p>\u00a0<\/p><p><strong>Forms of accounting<\/strong><\/p><ul><li>revenue and expenses ledger<\/li><li>revenue records (fixed tax rate)<\/li><li>general ledger<\/li><\/ul>\t\t\t\t\t\t\t\t<\/div>\n\t\t\t\t<\/div>\n\t\t\t\t\t<\/div>\n\t\t<\/div>\n\t\t\t\t<div class=\"elementor-column elementor-col-50 elementor-top-column elementor-element elementor-element-2860df24\" data-id=\"2860df24\" data-element_type=\"column\" data-settings=\"{&quot;background_background&quot;:&quot;classic&quot;}\">\n\t\t\t<div class=\"elementor-widget-wrap elementor-element-populated\">\n\t\t\t\t\t\t<div class=\"elementor-element elementor-element-7d2d0780 elementor-widget elementor-widget-image\" data-id=\"7d2d0780\" data-element_type=\"widget\" data-widget_type=\"image.default\">\n\t\t\t\t<div class=\"elementor-widget-container\">\n\t\t\t\t\t\t\t\t\t\t\t\t\t\t\t<img fetchpriority=\"high\" decoding=\"async\" width=\"800\" height=\"534\" src=\"https:\/\/biuroprofit.waw.pl\/wp-content\/uploads\/2024\/08\/1D5A9397-1024x683.jpeg\" class=\"attachment-large size-large wp-image-1033\" alt=\"\" srcset=\"https:\/\/biuroprofit.waw.pl\/wp-content\/uploads\/2024\/08\/1D5A9397-1024x683.jpeg 1024w, https:\/\/biuroprofit.waw.pl\/wp-content\/uploads\/2024\/08\/1D5A9397-300x200.jpeg 300w, https:\/\/biuroprofit.waw.pl\/wp-content\/uploads\/2024\/08\/1D5A9397-768x512.jpeg 768w, https:\/\/biuroprofit.waw.pl\/wp-content\/uploads\/2024\/08\/1D5A9397-1536x1024.jpeg 1536w, https:\/\/biuroprofit.waw.pl\/wp-content\/uploads\/2024\/08\/1D5A9397-2048x1365.jpeg 2048w, https:\/\/biuroprofit.waw.pl\/wp-content\/uploads\/2024\/08\/1D5A9397-16x12.jpeg 16w\" sizes=\"(max-width: 800px) 100vw, 800px\" \/>\t\t\t\t\t\t\t\t\t\t\t\t\t\t\t<\/div>\n\t\t\t\t<\/div>\n\t\t\t\t\t<\/div>\n\t\t<\/div>\n\t\t\t\t\t<\/div>\n\t\t<\/section>\n\t\t\t\t<section class=\"elementor-section elementor-top-section elementor-element elementor-element-5864707 elementor-section-content-middle elementor-reverse-mobile elementor-section-boxed elementor-section-height-default elementor-section-height-default\" data-id=\"5864707\" data-element_type=\"section\" data-settings=\"{&quot;background_background&quot;:&quot;classic&quot;}\">\n\t\t\t\t\t\t<div class=\"elementor-container elementor-column-gap-default\">\n\t\t\t\t\t<div class=\"elementor-column elementor-col-100 elementor-top-column elementor-element elementor-element-29714741\" data-id=\"29714741\" data-element_type=\"column\" data-settings=\"{&quot;background_background&quot;:&quot;classic&quot;}\">\n\t\t\t<div class=\"elementor-widget-wrap elementor-element-populated\">\n\t\t\t\t\t\t<section class=\"elementor-section elementor-inner-section elementor-element elementor-element-6933ef7e elementor-section-boxed elementor-section-height-default elementor-section-height-default\" data-id=\"6933ef7e\" data-element_type=\"section\">\n\t\t\t\t\t\t<div class=\"elementor-container elementor-column-gap-default\">\n\t\t\t\t\t<div class=\"elementor-column elementor-col-50 elementor-inner-column elementor-element elementor-element-36efea19\" data-id=\"36efea19\" data-element_type=\"column\">\n\t\t\t<div class=\"elementor-widget-wrap elementor-element-populated\">\n\t\t\t\t\t\t<div class=\"elementor-element elementor-element-264de0ca elementor-widget elementor-widget-heading\" data-id=\"264de0ca\" data-element_type=\"widget\" data-widget_type=\"heading.default\">\n\t\t\t\t<div class=\"elementor-widget-container\">\n\t\t\t\t\t<h2 class=\"elementor-heading-title elementor-size-default\">Us\u0142ugi ksi\u0119gowo-rachunkowe<\/h2>\t\t\t\t<\/div>\n\t\t\t\t<\/div>\n\t\t\t\t<div class=\"elementor-element elementor-element-188ca6e elementor-widget elementor-widget-text-editor\" data-id=\"188ca6e\" data-element_type=\"widget\" data-widget_type=\"text-editor.default\">\n\t\t\t\t<div class=\"elementor-widget-container\">\n\t\t\t\t\t\t\t\t\t<ul><li>maintain records of fixed assets<\/li><li>prepare tax returns<\/li><li>prepare reports for the Central Statistical Office of Poland (GUS)<\/li><li>submit tax returns to Revenue Offices<\/li><li>keep you up to date with new legislation affecting your business position<\/li><li>remind you about payment deadlines<\/li><li>prepare financial statements<\/li><li>represent you before Revenue Office and the Social Insurance Institution (ZUS) as your appointed agent<\/li><\/ul>\t\t\t\t\t\t\t\t<\/div>\n\t\t\t\t<\/div>\n\t\t\t\t\t<\/div>\n\t\t<\/div>\n\t\t\t\t<div class=\"elementor-column elementor-col-50 elementor-inner-column elementor-element elementor-element-372af3cd\" data-id=\"372af3cd\" data-element_type=\"column\">\n\t\t\t<div class=\"elementor-widget-wrap elementor-element-populated\">\n\t\t\t\t\t\t<div class=\"elementor-element elementor-element-17a6aed9 elementor-widget elementor-widget-heading\" data-id=\"17a6aed9\" data-element_type=\"widget\" data-widget_type=\"heading.default\">\n\t\t\t\t<div class=\"elementor-widget-container\">\n\t\t\t\t\t<h2 class=\"elementor-heading-title elementor-size-default\">Employer support services<\/h2>\t\t\t\t<\/div>\n\t\t\t\t<\/div>\n\t\t\t\t<div class=\"elementor-element elementor-element-4dc78390 elementor-widget elementor-widget-text-editor\" data-id=\"4dc78390\" data-element_type=\"widget\" data-widget_type=\"text-editor.default\">\n\t\t\t\t<div class=\"elementor-widget-container\">\n\t\t\t\t\t\t\t\t\t<div id=\"u1160-14\" class=\"clearfix colelem\"><ul><li>processing documents and payments for the Social Insurance Institutions (ZUS)<\/li><li>processing documents and payments for Revenue Offices<\/li><li>preparing payrolls<\/li><li>HR services<\/li><li>preparing annual declarations<\/li><\/ul><\/div>\t\t\t\t\t\t\t\t<\/div>\n\t\t\t\t<\/div>\n\t\t\t\t\t<\/div>\n\t\t<\/div>\n\t\t\t\t\t<\/div>\n\t\t<\/section>\n\t\t\t\t<section class=\"elementor-section elementor-inner-section elementor-element elementor-element-67e1385a elementor-section-boxed elementor-section-height-default elementor-section-height-default\" data-id=\"67e1385a\" data-element_type=\"section\">\n\t\t\t\t\t\t<div class=\"elementor-container elementor-column-gap-default\">\n\t\t\t\t\t<div class=\"elementor-column elementor-col-50 elementor-inner-column elementor-element elementor-element-4c160663\" data-id=\"4c160663\" data-element_type=\"column\">\n\t\t\t<div class=\"elementor-widget-wrap elementor-element-populated\">\n\t\t\t\t\t\t<div class=\"elementor-element elementor-element-53793370 elementor-widget elementor-widget-heading\" data-id=\"53793370\" data-element_type=\"widget\" data-widget_type=\"heading.default\">\n\t\t\t\t<div class=\"elementor-widget-container\">\n\t\t\t\t\t<h2 class=\"elementor-heading-title elementor-size-default\">Additional services<\/h2>\t\t\t\t<\/div>\n\t\t\t\t<\/div>\n\t\t\t\t<div class=\"elementor-element elementor-element-55a5f6aa elementor-widget elementor-widget-text-editor\" data-id=\"55a5f6aa\" data-element_type=\"widget\" data-widget_type=\"text-editor.default\">\n\t\t\t\t<div class=\"elementor-widget-container\">\n\t\t\t\t\t\t\t\t\t<ul><li>prepare letters to Revenue Offices and the Social Insurance Institution (ZUS)<\/li><li>prepare diverse types of accounting summaries<\/li><li>develop an accounting policy<\/li><li>solve accounting and tax problems<\/li><li>prepare INTRASTAT declarations<\/li><\/ul>\t\t\t\t\t\t\t\t<\/div>\n\t\t\t\t<\/div>\n\t\t\t\t\t<\/div>\n\t\t<\/div>\n\t\t\t\t<div class=\"elementor-column elementor-col-50 elementor-inner-column elementor-element elementor-element-2fcf003c\" data-id=\"2fcf003c\" data-element_type=\"column\">\n\t\t\t<div class=\"elementor-widget-wrap elementor-element-populated\">\n\t\t\t\t\t\t<div class=\"elementor-element elementor-element-50cbe1c5 elementor-widget elementor-widget-heading\" data-id=\"50cbe1c5\" data-element_type=\"widget\" data-widget_type=\"heading.default\">\n\t\t\t\t<div class=\"elementor-widget-container\">\n\t\t\t\t\t<h2 class=\"elementor-heading-title elementor-size-default\">Other<\/h2>\t\t\t\t<\/div>\n\t\t\t\t<\/div>\n\t\t\t\t<div class=\"elementor-element elementor-element-6732def0 elementor-widget elementor-widget-text-editor\" data-id=\"6732def0\" data-element_type=\"widget\" data-widget_type=\"text-editor.default\">\n\t\t\t\t<div class=\"elementor-widget-container\">\n\t\t\t\t\t\t\t\t\t<div id=\"u1160-14\" class=\"clearfix colelem\"><ul><li>business start-up and taxation advice<\/li><li>liaison with a chartered auditor<\/li><li>collection of documents from the Client<\/li><\/ul><\/div>\t\t\t\t\t\t\t\t<\/div>\n\t\t\t\t<\/div>\n\t\t\t\t\t<\/div>\n\t\t<\/div>\n\t\t\t\t\t<\/div>\n\t\t<\/section>\n\t\t\t\t\t<\/div>\n\t\t<\/div>\n\t\t\t\t\t<\/div>\n\t\t<\/section>\n\t\t\t\t<section class=\"elementor-section elementor-top-section elementor-element elementor-element-60d711b2 elementor-section-boxed elementor-section-height-default elementor-section-height-default\" data-id=\"60d711b2\" data-element_type=\"section\" data-settings=\"{&quot;background_background&quot;:&quot;classic&quot;}\">\n\t\t\t\t\t\t\t<div class=\"elementor-background-overlay\"><\/div>\n\t\t\t\t\t\t\t<div class=\"elementor-container elementor-column-gap-default\">\n\t\t\t\t\t<div class=\"elementor-column elementor-col-50 elementor-top-column elementor-element elementor-element-67bc79a0\" data-id=\"67bc79a0\" data-element_type=\"column\">\n\t\t\t<div class=\"elementor-widget-wrap elementor-element-populated\">\n\t\t\t\t\t\t<div class=\"elementor-element elementor-element-58efe7a5 elementor-widget elementor-widget-image\" data-id=\"58efe7a5\" data-element_type=\"widget\" data-widget_type=\"image.default\">\n\t\t\t\t<div class=\"elementor-widget-container\">\n\t\t\t\t\t\t\t\t\t\t\t\t\t\t\t<img decoding=\"async\" width=\"800\" height=\"465\" data-src=\"https:\/\/biuroprofit.waw.pl\/wp-content\/uploads\/2024\/08\/IMG_4430-1024x595.jpeg\" class=\"attachment-large size-large wp-image-944 lazyload\" alt=\"\" data-srcset=\"https:\/\/biuroprofit.waw.pl\/wp-content\/uploads\/2024\/08\/IMG_4430-1024x595.jpeg 1024w, https:\/\/biuroprofit.waw.pl\/wp-content\/uploads\/2024\/08\/IMG_4430-300x174.jpeg 300w, https:\/\/biuroprofit.waw.pl\/wp-content\/uploads\/2024\/08\/IMG_4430-768x446.jpeg 768w, https:\/\/biuroprofit.waw.pl\/wp-content\/uploads\/2024\/08\/IMG_4430-1536x893.jpeg 1536w, https:\/\/biuroprofit.waw.pl\/wp-content\/uploads\/2024\/08\/IMG_4430-2048x1190.jpeg 2048w, https:\/\/biuroprofit.waw.pl\/wp-content\/uploads\/2024\/08\/IMG_4430-16x9.jpeg 16w\" data-sizes=\"(max-width: 800px) 100vw, 800px\" src=\"data:image\/svg+xml;base64,PHN2ZyB3aWR0aD0iMSIgaGVpZ2h0PSIxIiB4bWxucz0iaHR0cDovL3d3dy53My5vcmcvMjAwMC9zdmciPjwvc3ZnPg==\" style=\"--smush-placeholder-width: 800px; --smush-placeholder-aspect-ratio: 800\/465;\" \/>\t\t\t\t\t\t\t\t\t\t\t\t\t\t\t<\/div>\n\t\t\t\t<\/div>\n\t\t\t\t\t<\/div>\n\t\t<\/div>\n\t\t\t\t<div class=\"elementor-column elementor-col-50 elementor-top-column elementor-element elementor-element-62b6bd06\" data-id=\"62b6bd06\" data-element_type=\"column\" data-settings=\"{&quot;animation_mobile&quot;:&quot;fadeInLeft&quot;}\">\n\t\t\t<div class=\"elementor-widget-wrap elementor-element-populated\">\n\t\t\t\t\t\t<div class=\"elementor-element elementor-element-62e66e02 elementor-widget elementor-widget-heading\" data-id=\"62e66e02\" data-element_type=\"widget\" data-settings=\"{&quot;_animation&quot;:&quot;none&quot;,&quot;_animation_mobile&quot;:&quot;fadeIn&quot;}\" data-widget_type=\"heading.default\">\n\t\t\t\t<div class=\"elementor-widget-container\">\n\t\t\t\t\t<h2 class=\"elementor-heading-title elementor-size-default translation-block\">Meet the team that works for <b>Your success<\/b><\/h2>\t\t\t\t<\/div>\n\t\t\t\t<\/div>\n\t\t\t\t<div class=\"elementor-element elementor-element-76634fe8 elementor-mobile-align-left elementor-align-left elementor-widget elementor-widget-button\" data-id=\"76634fe8\" data-element_type=\"widget\" data-settings=\"{&quot;_animation&quot;:&quot;none&quot;}\" data-widget_type=\"button.default\">\n\t\t\t\t<div class=\"elementor-widget-container\">\n\t\t\t\t\t\t\t\t\t<div class=\"elementor-button-wrapper\">\n\t\t\t\t\t<a class=\"elementor-button elementor-button-link elementor-size-sm elementor-animation-grow\" href=\"https:\/\/biuroprofit.waw.pl\/en\/zespol\/\">\n\t\t\t\t\t\t<span class=\"elementor-button-content-wrapper\">\n\t\t\t\t\t\t\t\t\t<span class=\"elementor-button-text\">Read about our team<\/span>\n\t\t\t\t\t<\/span>\n\t\t\t\t\t<\/a>\n\t\t\t\t<\/div>\n\t\t\t\t\t\t\t\t<\/div>\n\t\t\t\t<\/div>\n\t\t\t\t\t<\/div>\n\t\t<\/div>\n\t\t\t\t\t<\/div>\n\t\t<\/section>\n\t\t\t\t<\/div>","protected":false},"excerpt":{"rendered":"<p>Zakres us\u0142ug rachunkowych Prowadzenie ksi\u0119gowo\u015bci os\u00f3b fizycznych prowadz\u0105cych indywidualn\u0105 dzia\u0142alno\u015b\u0107 gospodarcz\u0105 sp\u00f3\u0142ek cywilnych sp\u00f3\u0142ek komandytowych sp\u00f3\u0142ek z ograniczon\u0105 odpowiedzialno\u015bci\u0105 sp\u00f3\u0142ek akcyjnych \u00a0 Rozliczenia w formie ksi\u0119gi przychod\u00f3w i rozchod\u00f3w ewidencji przychod\u00f3w (rycza\u0142tu) ksi\u0119gi handlowej Us\u0142ugi ksi\u0119gowo-rachunkowe prowadzenie ewidencji \u015brodk\u00f3w trwa\u0142ych sporz\u0105dzanie deklaracji podatkowych sporz\u0105dzanie sprawozda\u0144 do GUS przekazywanie deklaracji do Urz\u0119d\u00f3w Skarbowych powiadamianie o zmianach [&hellip;]<\/p>","protected":false},"author":1,"featured_media":0,"parent":0,"menu_order":0,"comment_status":"closed","ping_status":"closed","template":"elementor_header_footer","meta":{"footnotes":""},"class_list":["post-297","page","type-page","status-publish","hentry"],"_links":{"self":[{"href":"https:\/\/biuroprofit.waw.pl\/en\/wp-json\/wp\/v2\/pages\/297","targetHints":{"allow":["GET"]}}],"collection":[{"href":"https:\/\/biuroprofit.waw.pl\/en\/wp-json\/wp\/v2\/pages"}],"about":[{"href":"https:\/\/biuroprofit.waw.pl\/en\/wp-json\/wp\/v2\/types\/page"}],"author":[{"embeddable":true,"href":"https:\/\/biuroprofit.waw.pl\/en\/wp-json\/wp\/v2\/users\/1"}],"replies":[{"embeddable":true,"href":"https:\/\/biuroprofit.waw.pl\/en\/wp-json\/wp\/v2\/comments?post=297"}],"version-history":[{"count":65,"href":"https:\/\/biuroprofit.waw.pl\/en\/wp-json\/wp\/v2\/pages\/297\/revisions"}],"predecessor-version":[{"id":1708,"href":"https:\/\/biuroprofit.waw.pl\/en\/wp-json\/wp\/v2\/pages\/297\/revisions\/1708"}],"wp:attachment":[{"href":"https:\/\/biuroprofit.waw.pl\/en\/wp-json\/wp\/v2\/media?parent=297"}],"curies":[{"name":"wp","href":"https:\/\/api.w.org\/{rel}","templated":true}]}}